{"id":195,"date":"2023-07-28T11:38:58","date_gmt":"2023-07-28T08:38:58","guid":{"rendered":"https:\/\/the-bar.ro\/?page_id=195"},"modified":"2024-01-18T14:51:52","modified_gmt":"2024-01-18T12:51:52","slug":"utilizare-cookies","status":"publish","type":"page","link":"https:\/\/the-bar.ro\/en\/utilizare-cookies\/","title":{"rendered":"The Use Of Cookies"},"content":{"rendered":"<div data-elementor-type=\"wp-page\" data-elementor-id=\"195\" class=\"elementor elementor-195\" data-elementor-post-type=\"page\">\n\t\t\t\t\t\t<section class=\"elementor-section elementor-top-section elementor-element elementor-element-4fee4b6 elementor-section-boxed elementor-section-height-default elementor-section-height-default\" data-id=\"4fee4b6\" data-element_type=\"section\" data-e-type=\"section\">\n\t\t\t\t\t\t<div class=\"elementor-container elementor-column-gap-default\">\n\t\t\t\t\t<div class=\"elementor-column elementor-col-100 elementor-top-column elementor-element elementor-element-6a26d8d\" data-id=\"6a26d8d\" data-element_type=\"column\" data-e-type=\"column\">\n\t\t\t<div class=\"elementor-widget-wrap elementor-element-populated\">\n\t\t\t\t\t\t<div class=\"elementor-element elementor-element-e9ecba4 elementor-widget elementor-widget-text-editor\" data-id=\"e9ecba4\" data-element_type=\"widget\" data-e-type=\"widget\" data-widget_type=\"text-editor.default\">\n\t\t\t\t<div class=\"elementor-widget-container\">\n\t\t\t\t\t\t\t\t\t<p><strong>WHAT ARE COOKIES?<\/strong><\/p>\n<p>Use of Cookies Cookies are small files that your browser downloads when you visit the web site&nbsp;<a href=\"https:\/\/the-bar.ro\/en\/\">https:\/\/the-bar.ro<\/a><\/p>\n<p>The computer recognizes it and agree to these files through the browser that you are using.<\/p>\n<p>These files can be likened to &#034;bookmark&#034; that shows up where you left off the last time you&#039;ve visited your website. It can be seen that the codes that announces the website of every single time they come back&nbsp;<a href=\"https:\/\/the-bar.ro\/en\/\">https:\/\/the-bar.ro<\/a><\/p>\n<p>Cookies are not dangerous. Your computer stores it in its memory, but they can&#039;t access or read information stored on a computer. You can expand or restrict the parameters of the use of the cookies of the browser you use to surf the Web, or you can do it directly from our website&nbsp;<a href=\"https:\/\/the-bar.ro\/en\/\">https:\/\/the-bar.ro<\/a><\/p>\n<p><strong>WHAT IS USEFUL?<\/strong><\/p>\n<p>Cookies improve the speed of charging and your browsing experience. For example, they keep your preferences when browsing a web site, as well as the language in which you would like it to be displayed on your content.<\/p>\n<p>These files are also used to prepare anonymous statistics that help us understand how you interact with visitors, and in general, to the pages of the&nbsp;<a href=\"https:\/\/the-bar.ro\/en\/\">https:\/\/the-bar.ro<\/a><\/p>\n<p>For the analysis of the website use Google Analytics, who use cookies and similar technologies. In this case, the files that save information about your use of this web site, number of pages viewed, the sources from which the visitors come from, and the number of rounds. The goal is to improve the website, in order to offer you services and experiences to visitors.<\/p>\n<p>The Cookies do not require personal information in order to be able to be used, and, in most cases, it doesn&#039;t identify the person, the user of the Internet.<\/p>\n<p><strong>HOW LONG ARE THEY STORED?<\/strong><\/p>\n<p>The duration of the storage of the cookies will vary depending upon the objective for which it is situated. Session Cookies are used in order of a single browsing session, they are retained only for the duration of your visit and are not stored after the user leaves the website. Permanent Cookies are used when the user returns to the website.<\/p>\n<p>You can delete all of the this category of cookies at any time through the settings of the web browser that you are using for browsing, or you can do it directly from our website&nbsp; &nbsp;<a href=\"http:\/\/www.consulteamexpert.ro\/setari-cookie-uri\/\" target=\"_blank\" rel=\"noopener\">https:\/\/the-bar.ro\/<\/a>.<\/p>\n<p>WHAT COOKIES ARE USED BY THIS SITE<\/p>\n<p>A visit to this web site may place cookies for purposes of:<\/p>\n<p>Performance cookies of the website<\/p>\n<p>Cookies to analyze the visitors<\/p>\n<p>Cookies for advertising<\/p>\n<p>The cookies of the advertising providers<\/p>\n<p>PERFORMANCE COOKIES<\/p>\n<p>This type of cookie retains the user&#039;s preferences on this site, so that you don&#039;t need to set them at each and every visit to the website.<\/p>\n<p><strong>Examples:<\/strong><\/p>\n<p>volume settings for the video player.<\/p>\n<p>the speed of the device with a compatible web browser<\/p>\n<p>COOKIES TO ANALYZE THE VISITORS<\/p>\n<p>Every time a user visits a web analytics software provided by a third party, it generates a cookie for the analysis of the user&#039;s pc. This cookie tells us whether you have visited the site before. Your browser will tell us if you have this cookie, and if you don&#039;t, we generate one. It allows for the monitoring of the unique users who visit us and how often they do it.<\/p>\n<p>As long as you are not registered on this site, the cookie cannot be used to identify individuals; they are used only for statistical purposes.<\/p>\n<p>COOKIES FOR ADVERTISING<\/p>\n<p>These cookies also allow us to know whether or not you have viewed an ad online, which is a type of, and how long it&#039;s been since you&#039;ve seen an advertisement.<\/p>\n<p>The cookies we use and to target online advertising. We may also use cookies from third-parties, for the proper targeting of advertising, for instance to show adverts about holidays if you have recently visited an article on a internet site about the holidays. These cookies are anonymous; they store information about the viewed content, not the users.<\/p>\n<p>It also set up anonymous cookies through other sites that we advertise. Having received them, we can use them to recognize you as a visitor to that site if you later visit our site, we will be able to deliver advertising based on this information.<\/p>\n<p>THE COOKIES OF THE ADVERTISING PROVIDERS<\/p>\n<p>You can find the publicity on the web site of the applicable third-party. Some of these parties use their own anonymous cookies to analyze how many people have been exposed to an advertising message, or to see how many people have been exposed multiple times to the same ad.<\/p>\n<p>The companies that generate these cookies have their own privacy policies, this site has no access to read or write these cookies. The cookies of third parties may be used, in order to show you targeted advertising on other sites based on your browsing on this website.<\/p>\n<p>OTHER COOKIES OF THIRD PARTIES,<\/p>\n<p>On some pages, third parties can set their own anonymous cookies in order to track the success of an application or customize an application. Due to the use of, this website cannot access these cookies, just as third parties cannot access cookies owned by this site.<\/p>\n<p>For example, when you share an article using a social media found at this site, that social network will record your activity.<strong>&nbsp;<\/strong><\/p>\n<p><\/p>\n<p><strong>HOW CAN YOU STOP THEM?<\/strong><\/p>\n<p>Depending on the browser you are using, follow the steps below to set up how you want it to be the use of cookies.<\/p>\n<p>IN THE CHROME BROWSER:<\/p>\n<ul>\n<li>In the upper-right corner, click the menu to Chrome - &gt; Settings.<\/li>\n<li>Scroll down to the bottom of the page, click on \u201cShow advanced settings\u201d.<\/li>\n<li>In the &#034;Privacy&#034; tab, click on the button &#034;Content settings&#034;.<\/li>\n<li>In the section &#034;accept Cookies&#034;, you also choose your preferred settings.<\/li>\n<li>In order to delete cookies, click \u201cAll cookies and site data...\u201d to see the list of all those files that Chrome has stored on your hard drive. You can delete them individually or all of them directly, if you select \u201cRemove All.\u201d<\/li>\n<\/ul>\n<p>IN THE MOZILLA FIREFOX BROWSER:<\/p>\n<ul>\n<li>Click on the menu button and choose \u201cPreferences\u201d.<\/li>\n<li>Select the \u201cPrivacy\u201d tab in the menu to the side.<\/li>\n<li>The combo of \u201cHistory\u201d and choose \u201cUse custom settings for history\u201d.<\/li>\n<li>Select the \u201cAccept cookies from sites\u201d to enable the use of the cookies, or deselect to prevent the use of them.<\/li>\n<li>In order to delete cookies, click on \u201cShow Cookies...\u201d and it will open a new window where you can select and delete one or more cookies at the same time.<\/li>\n<\/ul>\n<p>IN THE WEB BROWSER INTERNET EXPLORER 11<\/p>\n<ul>\n<li>Select the scroll wheel in the top right of the browser window, and then choose Internet Options.<\/li>\n<li>Click on the tab \u201cPrivacy\u201d, and selecting \u201cAdvanced\u201d.<\/li>\n<li>Choose \u201cAccept \/ Block \/ Prompt\u201d for \u201cFirst-party Cookies\u201d and \u201cThird party Cookies\u201c. If you wish, you can also check \u201cAlways allow session cookies\u201d. Press OK when you have made your settings.<\/li>\n<li>In order to delete all of the cookies we use, choose the tab \u201cGeneral\u201d in the \u201cInternet Options\u201d and click on \u201cDelete...\u201d in the tab \u201cBrowse History\u201d. Check \u201cCookies and Website Data\u201d and click on the Delete button.<\/li>\n<\/ul>\n<p>Through the use of&nbsp;<a href=\"https:\/\/the-bar.ro\/en\/\">https:\/\/the-bar.ro<\/a>&nbsp;you agree to our use of cookies in accordance with the presence of the \u201cPolicy on the use of the Cookies.\u201d If you don&#039;t agree, there is no need to turn off your cookies by following the directions above, depending on the web browser that you&#039;re using, or directly on our website via the link above. Disabling the use of these files may affect your experience as a user of the&nbsp;<a href=\"https:\/\/the-bar.ro\/en\/\">https:\/\/the-bar.ro<\/a>. We reserve the right to make any additions or modifications to the presence of the \u201cPolicy on the use of the cookies.\u201d Any changes and\/or amendments will be posted on the&nbsp;<a href=\"https:\/\/www.qincyvet.ro\/\" target=\"_blank\" rel=\"noopener\">https:\/\/the-bar.ro\/<\/a>&nbsp;and it shall enter into force from the time of posting. For more information, we invite you to write to us at&nbsp;<a href=\"https:\/\/the-bar.ro\/en\/\">https:\/\/the-bar.ro<\/a><\/p>\t\t\t\t\t\t\t\t<\/div>\n\t\t\t\t<\/div>\n\t\t\t\t\t<\/div>\n\t\t<\/div>\n\t\t\t\t\t<\/div>\n\t\t<\/section>\n\t\t\t\t<\/div>","protected":false},"excerpt":{"rendered":"<p>CE SUNT COOKIES? Cookies sunt fi\u0219iere de mici dimensiuni pe care browser-ul le descarc\u0103 c\u00e2nd accesezi website-ul&nbsp;https:\/\/the-bar.ro Calculatorul recunoa\u0219te \u0219i accept\u0103 automat aceste fi\u0219iere prin browser-ul pe care \u00eel folose\u0219ti. Aceste fi\u0219iere pot fi asem\u0103nate unor \u201esemne de carte\u201d care indic\u0103 unde ai r\u0103mas ultima dat\u0103 c\u00e2nd ai vizitat website-ul. Pot fi v\u0103zute \u0219i ca [&hellip;]<\/p>\n","protected":false},"author":1,"featured_media":0,"parent":0,"menu_order":0,"comment_status":"closed","ping_status":"closed","template":"","meta":{"inline_featured_image":false,"footnotes":""},"class_list":["post-195","page","type-page","status-publish","hentry"],"_links":{"self":[{"href":"https:\/\/the-bar.ro\/en\/wp-json\/wp\/v2\/pages\/195","targetHints":{"allow":["GET"]}}],"collection":[{"href":"https:\/\/the-bar.ro\/en\/wp-json\/wp\/v2\/pages"}],"about":[{"href":"https:\/\/the-bar.ro\/en\/wp-json\/wp\/v2\/types\/page"}],"author":[{"embeddable":true,"href":"https:\/\/the-bar.ro\/en\/wp-json\/wp\/v2\/users\/1"}],"replies":[{"embeddable":true,"href":"https:\/\/the-bar.ro\/en\/wp-json\/wp\/v2\/comments?post=195"}],"version-history":[{"count":15,"href":"https:\/\/the-bar.ro\/en\/wp-json\/wp\/v2\/pages\/195\/revisions"}],"predecessor-version":[{"id":11554,"href":"https:\/\/the-bar.ro\/en\/wp-json\/wp\/v2\/pages\/195\/revisions\/11554"}],"wp:attachment":[{"href":"https:\/\/the-bar.ro\/en\/wp-json\/wp\/v2\/media?parent=195"}],"curies":[{"name":"wp","href":"https:\/\/api.w.org\/{rel}","templated":true}]}}